{"id":3369,"date":"2023-01-29T19:44:14","date_gmt":"2023-01-29T18:44:14","guid":{"rendered":"https:\/\/www.marinacalamai.com\/returns-refunds\/"},"modified":"2023-02-18T20:20:40","modified_gmt":"2023-02-18T19:20:40","slug":"returns-refunds","status":"publish","type":"page","link":"https:\/\/www.marinacalamai.com\/it\/returns-refunds\/","title":{"rendered":"Returns &#038; Refunds"},"content":{"rendered":"<h1><span data-contrast=\"auto\" class=\"TextRun SCXW228488910 BCX0\"><span class=\"NormalTextRun SCXW228488910 BCX0\">Resi e rimborsi<\/span><\/span><\/h1>\n<div>\n<p><span data-contrast=\"auto\">Ai sensi dell&#8217;art. 54 del Codice del Consumo, il Cliente che agisce in qualit\u00e0 di Consumatore, entro il termine di 14 (quattordici) giorni lavorativi dal giorno della consegna del Prodotto pu\u00f2 esercitare il diritto di recesso, ottenendo il rimborso integrale delle somme versate per l&#8217;acquisto del Prodotto<\/span><span data-contrast=\"auto\">,<\/span><span data-contrast=\"auto\"> comprese le spese di spedizione sostenute.<\/span><span data-ccp-props=\"{}\">\u00a0<\/span><\/p>\n<p><span data-contrast=\"auto\">Nel caso in cui il Cliente abbia scelto di far consegnare i Prodotti acquistati in un unico Ordine in pi\u00f9 spedizioni o nel caso di Prodotto composto da pi\u00f9 pezzi o lotti da consegnare in pi\u00f9 spedizioni, il termine per l&#8217;esercizio del diritto di recesso decorre iniziare con la consegna dell&#8217;ultimo Prodotto.<\/span><span data-ccp-props=\"{}\">\u00a0<\/span><\/p>\n<\/p>\n<p><span data-contrast=\"auto\">Per esercitare il diritto di recesso, il Cliente dovr\u00e0 inviare, entro il termine indicato al paragrafo precedente, l&#8217;apposito modulo pubblicato sul sito:<\/span><span data-ccp-props=\"{}\">\u00a0<\/span><\/p>\n<\/div>\n<div>\n<div class=\"uk-margin uk-scrollspy-inview uk-animation-fade\" uk-scrollspy-class=\"\">\n<p><span data-contrast=\"auto\">La comunicazione dovr\u00e0 indicare il numero d&#8217;ordine, la volont\u00e0 di recedere dall&#8217;acquisto, il\/i prodotto\/i per i quali si intende esercitare il diritto di recesso, le coordinate bancarie per ricevere il bonifico e un documento di identit\u00e0. Deve essere allegata copia della ricevuta fiscale di acquisto presente nel pacco. In alternativa, il consumatore potr\u00e0 richiedere il rimborso del prodotto restituito utilizzando lo stesso mezzo di pagamento scelto dal consumatore in fase di acquisto.<\/span><span data-ccp-props=\"{}\">\u00a0<\/span><\/p>\n<p><span data-contrast=\"auto\">Entro 14 (quattordici) giorni dalla data di comunicazione del recesso nel caso in cui sia stato effettuato sul portale, il Cliente dovr\u00e0 restituire il Prodotto mediante raccomandata o spedizione tracciabile al seguente indirizzo:<\/span><span data-ccp-props=\"{}\">\u00a0<\/span><\/p>\n<p><span data-contrast=\"auto\">Marina Calamai, Via S.Spirito, 22R \u2013 50125 Firenze (FI), Italia. (Pagando interamente le spese di spedizione).<\/span><span data-ccp-props=\"{}\">\u00a0<\/span><\/p>\n<p><span data-contrast=\"auto\">Per esercitare il diritto di recesso \u00e8 indispensabile che la merce da restituire sia integra.<\/span><span data-ccp-props=\"{}\">\u00a0<\/span><\/p>\n<p><span data-contrast=\"auto\">Una volta ricevuto il Prodotto e verificata la sua integrit\u00e0, Marina Calamai provveder\u00e0 al rimborso esclusivamente tramite bonifico bancario.<\/span><span data-ccp-props=\"{}\">\u00a0<\/span><\/p>\n<\/div>\n<\/div>\n<p><!--more--><br \/>\n<!-- {\"type\":\"layout\",\"children\":[{\"type\":\"section\",\"props\":{\"image_position\":\"center-center\",\"style\":\"default\",\"title_breakpoint\":\"xl\",\"title_position\":\"top-left\",\"title_rotation\":\"left\",\"vertical_align\":\"middle\",\"width\":\"default\"},\"children\":[{\"type\":\"row\",\"children\":[{\"type\":\"column\",\"props\":{\"image_position\":\"center-center\",\"media_overlay_gradient\":\"\",\"position_sticky_breakpoint\":\"m\"},\"children\":[{\"type\":\"headline\",\"props\":{\"content\":\"<span data-contrast=\\\"auto\\\" class=\\\"TextRun SCXW228488910 BCX0\\\"><span class=\\\"NormalTextRun SCXW228488910 BCX0\\\">Resi e rimborsi<\\\/span><\\\/span>\",\"text_align\":\"center\",\"title_element\":\"h1\",\"title_style\":\"h1\"}},{\"type\":\"text\",\"props\":{\"column_breakpoint\":\"m\",\"content\":\"\n\n<p><span data-contrast=\\\"auto\\\">Ai sensi dell'art. 54 del Codice del Consumo, il Cliente che agisce in qualit\\u00e0 di Consumatore, entro il termine di 14 (quattordici) giorni lavorativi dal giorno della consegna del Prodotto pu\\u00f2 esercitare il diritto di recesso, ottenendo il rimborso integrale delle somme versate per l'acquisto del Prodotto<\\\/span><span data-contrast=\\\"auto\\\">,<\\\/span><span data-contrast=\\\"auto\\\"> comprese le spese di spedizione sostenute.<\\\/span><span data-ccp-props=\\\"{}\\\">\\u00a0<\\\/span><\\\/p>\\n\n\n<p><span data-contrast=\\\"auto\\\">Nel caso in cui il Cliente abbia scelto di far consegnare i Prodotti acquistati in un unico Ordine in pi\\u00f9 spedizioni o nel caso di Prodotto composto da pi\\u00f9 pezzi o lotti da consegnare in pi\\u00f9 spedizioni, il termine per l'esercizio del diritto di recesso decorre iniziare con la consegna dell'ultimo Prodotto.<\\\/span><span data-ccp-props=\\\"{}\\\">\\u00a0<\\\/span><\\\/p>\\n\n\n<p><\\\/p>\\n\n\n<p><span data-contrast=\\\"auto\\\">Per esercitare il diritto di recesso, il Cliente dovr\\u00e0 inviare, entro il termine indicato al paragrafo precedente, l'apposito modulo pubblicato sul sito:<\\\/span><span data-ccp-props=\\\"{}\\\">\\u00a0<\\\/span><\\\/p>\",\"margin\":\"default\"}},{\"type\":\"text\",\"props\":{\"column_breakpoint\":\"m\",\"content\":\"\n\n<div class=\\\"uk-margin uk-scrollspy-inview uk-animation-fade\\\" uk-scrollspy-class=\\\"\\\">\\n\n\n<p><span data-contrast=\\\"auto\\\">La comunicazione dovr\\u00e0 indicare il numero d'ordine, la volont\\u00e0 di recedere dall'acquisto, il\\\/i prodotto\\\/i per i quali si intende esercitare il diritto di recesso, le coordinate bancarie per ricevere il bonifico e un documento di identit\\u00e0. Deve essere allegata copia della ricevuta fiscale di acquisto presente nel pacco. In alternativa, il consumatore potr\\u00e0 richiedere il rimborso del prodotto restituito utilizzando lo stesso mezzo di pagamento scelto dal consumatore in fase di acquisto.<\\\/span><span data-ccp-props=\\\"{}\\\">\\u00a0<\\\/span><\\\/p>\\n\n\n<p><span data-contrast=\\\"auto\\\">Entro 14 (quattordici) giorni dalla data di comunicazione del recesso nel caso in cui sia stato effettuato sul portale, il Cliente dovr\\u00e0 restituire il Prodotto mediante raccomandata o spedizione tracciabile al seguente indirizzo:<\\\/span><span data-ccp-props=\\\"{}\\\">\\u00a0<\\\/span><\\\/p>\\n\n\n<p><span data-contrast=\\\"auto\\\">Marina Calamai, Via S.Spirito, 22R \\u2013 50125 Firenze (FI), Italia. (Pagando interamente le spese di spedizione).<\\\/span><span data-ccp-props=\\\"{}\\\">\\u00a0<\\\/span><\\\/p>\\n\n\n<p><span data-contrast=\\\"auto\\\">Per esercitare il diritto di recesso \\u00e8 indispensabile che la merce da restituire sia integra.<\\\/span><span data-ccp-props=\\\"{}\\\">\\u00a0<\\\/span><\\\/p>\\n\n\n<p><span data-contrast=\\\"auto\\\">Una volta ricevuto il Prodotto e verificata la sua integrit\\u00e0, Marina Calamai provveder\\u00e0 al rimborso esclusivamente tramite bonifico bancario.<\\\/span><span data-ccp-props=\\\"{}\\\">\\u00a0<\\\/span><\\\/p>\\n<\\\/div>\",\"margin\":\"default\"}}]}]}]}],\"version\":\"3.0.21\"} --><\/p>\n","protected":false},"excerpt":{"rendered":"<p>Resi e rimborsi Ai sensi dell&#8217;art. 54 del Codice del Consumo, il Cliente che agisce in qualit\u00e0 di Consumatore, entro il termine di 14 (quattordici) giorni lavorativi dal giorno della consegna del Prodotto pu\u00f2 esercitare il diritto di recesso, ottenendo il rimborso integrale delle somme versate per l&#8217;acquisto del Prodotto, comprese le spese di spedizione [&hellip;]<\/p>\n","protected":false},"author":2,"featured_media":0,"parent":0,"menu_order":0,"comment_status":"closed","ping_status":"closed","template":"","meta":{"nf_dc_page":"","om_disable_all_campaigns":false,"footnotes":""},"class_list":["post-3369","page","type-page","status-publish","hentry"],"_links":{"self":[{"href":"https:\/\/www.marinacalamai.com\/it\/wp-json\/wp\/v2\/pages\/3369","targetHints":{"allow":["GET"]}}],"collection":[{"href":"https:\/\/www.marinacalamai.com\/it\/wp-json\/wp\/v2\/pages"}],"about":[{"href":"https:\/\/www.marinacalamai.com\/it\/wp-json\/wp\/v2\/types\/page"}],"author":[{"embeddable":true,"href":"https:\/\/www.marinacalamai.com\/it\/wp-json\/wp\/v2\/users\/2"}],"replies":[{"embeddable":true,"href":"https:\/\/www.marinacalamai.com\/it\/wp-json\/wp\/v2\/comments?post=3369"}],"version-history":[{"count":1,"href":"https:\/\/www.marinacalamai.com\/it\/wp-json\/wp\/v2\/pages\/3369\/revisions"}],"predecessor-version":[{"id":3370,"href":"https:\/\/www.marinacalamai.com\/it\/wp-json\/wp\/v2\/pages\/3369\/revisions\/3370"}],"wp:attachment":[{"href":"https:\/\/www.marinacalamai.com\/it\/wp-json\/wp\/v2\/media?parent=3369"}],"curies":[{"name":"wp","href":"https:\/\/api.w.org\/{rel}","templated":true}]}}