{"id":3379,"date":"2021-01-07T13:35:29","date_gmt":"2021-01-07T12:35:29","guid":{"rendered":"https:\/\/www.marinacalamai.com\/contact\/"},"modified":"2024-06-05T11:02:10","modified_gmt":"2024-06-05T09:02:10","slug":"contact","status":"publish","type":"page","link":"https:\/\/www.marinacalamai.com\/it\/contact\/","title":{"rendered":"Contatti"},"content":{"rendered":"<h1>Venite a trovarci in negozio<br \/> nel Centro Storico di Firenze <\/h1>\n<div>\n<p>43.7689,11.247<\/p>\n<h3>Marina Calamai<\/h3>\n<div>Via S.Spirito, 22R<br \/>\n50125 Firenze<\/div>\n<\/div>\n<div>\n<p>NEGOZIO MARINA CALAMI <\/p>\n<\/div>\n<div>\n<p>Via S.Spirito, 22R \u2013 50125, Firenze (FI), Italia<\/p>\n<\/div>\n<div>ORARI <\/div>\n<div>\n<p>Lunedi: 15.00-19.00<br \/>Marted\u00ec-Mercoled\u00ec: 10.00-14.00 | 15.00-19.00<br \/>Gioved\u00ec: 15.00-19.00<br \/>Venerd\u00ec: 15.00-19.00<br \/>Sabato-Domenica: 15.00-19.00<\/p>\n<p>Se desiderate visitare il nostro negozio fuori orario, contattateci <a href=\"mailto:info@marinacalamai.it\" target=\"_blank\" rel=\"noopener\">via email<\/a> o <a href=\"tel:+393337395426\">telefono\/ WhatsApp<\/a> per fissare un appuntamento.<\/p>\n<\/div>\n<div>Contatti<\/div>\n<div>Telefono: <a class=\"uk-link-text\" href=\"tel:+390552396795\">(+39) 055 239 6795<\/a><br \/>\nCellulare: <a class=\"uk-link-text\" href=\"tel:+393337395426\">(+39) 333 739 54 26<\/a><br \/>\nE-mail: <a class=\"uk-link-text\" href=\"mailto:info@marinacalamai.it\">info@marinacalamai.it<\/a><\/div>\n<p><!--more--><br \/>\n<!-- {\"name\":\"Contact\",\"type\":\"layout\",\"children\":[{\"type\":\"section\",\"props\":{\"image\":\"wp-content\\\/uploads\\\/2022\\\/12\\\/Marina-Calamai_Charity_Cover-10.jpeg\",\"image_loading\":true,\"image_position\":\"center-center\",\"image_size\":\"cover\",\"image_width\":\"2560\",\"padding\":\"xlarge\",\"padding_remove_bottom\":false,\"style\":\"default\",\"text_color\":\"light\",\"title_breakpoint\":\"xl\",\"title_position\":\"top-left\",\"title_rotation\":\"left\",\"vertical_align\":\"middle\",\"width\":\"xlarge\"},\"children\":[{\"type\":\"row\",\"props\":{\"margin_remove_top\":false},\"children\":[{\"type\":\"column\",\"props\":{\"image_position\":\"center-center\",\"media_overlay_gradient\":\"\",\"position_sticky_breakpoint\":\"m\",\"width_medium\":\"1-1\"},\"children\":[{\"type\":\"headline\",\"props\":{\"margin\":\"xlarge\",\"text_align\":\"center\",\"title_element\":\"h1\",\"title_style\":\"heading-medium\"},\"source\":{\"query\":{\"name\":\"pages.singlePage\"},\"props\":{\"content\":{\"filters\":{\"search\":\"\"},\"name\":\"title\"}}}}]}]}],\"name\":\"Hero\"},{\"type\":\"section\",\"props\":{\"image_position\":\"center-center\",\"style\":\"default\",\"title_breakpoint\":\"xl\",\"title_position\":\"top-left\",\"title_rotation\":\"left\",\"vertical_align\":\"middle\",\"width\":\"default\"},\"children\":[{\"type\":\"row\",\"children\":[{\"type\":\"column\",\"props\":{\"image_position\":\"center-center\",\"media_overlay_gradient\":\"\",\"position_sticky_breakpoint\":\"m\"},\"children\":[{\"type\":\"headline\",\"props\":{\"block_align\":\"center\",\"content\":\"Venite a trovarci in negozio<br \\\/> nel Centro Storico di Firenze \",\"margin\":\"default\",\"margin_remove_top\":true,\"maxwidth\":\"large\",\"position\":\"relative\",\"position_z_index\":\"1\",\"text_align\":\"center\",\"text_align_fallback\":\"center\",\"title_element\":\"h1\",\"title_style\":\"h2\"}}]}]},{\"type\":\"row\",\"props\":{\"layout\":\"1-2,1-2\"},\"children\":[{\"type\":\"column\",\"props\":{\"image_position\":\"center-center\",\"media_overlay_gradient\":\"\",\"position_sticky_breakpoint\":\"m\",\"width_medium\":\"1-2\"},\"children\":[{\"type\":\"map\",\"props\":{\"controls\":false,\"dragging\":true,\"height\":\"500\",\"image_svg_color\":\"emphasis\",\"link_style\":\"default\",\"link_text\":\"Read more\",\"margin\":\"default\",\"max_zoom\":18,\"meta_align\":\"below-title\",\"meta_element\":\"div\",\"meta_style\":\"text-meta\",\"min_zoom\":0,\"poi\":false,\"show_content\":true,\"show_image\":true,\"show_link\":true,\"show_meta\":true,\"show_title\":true,\"styler_hue\":\"#EBEEF0\",\"styler_lightness\":\"20\",\"styler_saturation\":\"-70\",\"title_element\":\"h3\",\"title_hover_style\":\"reset\",\"type\":\"roadmap\",\"zoom\":15,\"zooming\":false},\"children\":[{\"type\":\"map_item\",\"props\":{\"content\":\"Via S.Spirito, 22R<br \/>\\n50125 Firenze\",\"location\":\"43.7689,11.247\",\"title\":\"Marina Calamai\"}}]}]},{\"type\":\"column\",\"props\":{\"image_position\":\"center-center\",\"media_overlay_gradient\":\"\",\"position_sticky_breakpoint\":\"m\",\"vertical_align\":\"middle\",\"width_medium\":\"1-2\"},\"children\":[{\"type\":\"text\",\"props\":{\"column_breakpoint\":\"m\",\"content\":\"\n\n<p>NEGOZIO MARINA CALAMI <\\\/p>\",\"margin\":\"default\",\"position\":\"relative\",\"position_z_index\":\"1\",\"text_align\":\"left\",\"text_align_breakpoint\":\"s\",\"text_align_fallback\":\"center\",\"text_style\":\"meta\"}},{\"type\":\"text\",\"props\":{\"column_breakpoint\":\"m\",\"content\":\"\n\n<p>Via S.Spirito, 22R \\u2013 50125, Firenze (FI), Italia<\\\/p>\",\"margin\":\"default\",\"position\":\"relative\",\"position_z_index\":\"1\",\"text_align\":\"left\",\"text_align_breakpoint\":\"s\",\"text_align_fallback\":\"center\"}},{\"type\":\"text\",\"props\":{\"column_breakpoint\":\"m\",\"content\":\"ORARI \",\"margin\":\"default\",\"position\":\"relative\",\"position_z_index\":\"1\",\"text_align\":\"left\",\"text_align_breakpoint\":\"s\",\"text_align_fallback\":\"center\",\"text_style\":\"meta\"}},{\"type\":\"text\",\"props\":{\"column_breakpoint\":\"m\",\"content\":\"\n\n<p>Lunedi: 15.00-19.00<br \\\/>Marted\\u00ec-Mercoled\\u00ec: 10.00-14.00 | 15.00-19.00<br \\\/>Gioved\\u00ec: 15.00-19.00<br \\\/>Venerd\\u00ec: 15.00-19.00<br \\\/>Sabato-Domenica: 15.00-19.00<\\\/p>\\n\n\n<p>Se desiderate visitare il nostro negozio fuori orario, contattateci <a href=\\\"mailto:info@marinacalamai.it\\\" target=\\\"_blank\\\" rel=\\\"noopener\\\">via email<\\\/a> o <a href=\\\"tel:+393337395426\\\">telefono\\\/ WhatsApp<\\\/a> per fissare un appuntamento.<\\\/p>\",\"margin\":\"\",\"text_align\":\"left\",\"text_align_breakpoint\":\"s\",\"text_align_fallback\":\"center\"}},{\"type\":\"text\",\"props\":{\"column_breakpoint\":\"m\",\"content\":\"Contatti\",\"margin\":\"default\",\"position\":\"relative\",\"position_z_index\":\"1\",\"text_align\":\"left\",\"text_align_breakpoint\":\"s\",\"text_align_fallback\":\"center\",\"text_style\":\"meta\"}},{\"type\":\"text\",\"props\":{\"column_breakpoint\":\"m\",\"content\":\"Telefono: <a class=\\\"uk-link-text\\\" href=\\\"tel:+390552396795\\\">(+39) 055 239 6795<\\\/a><br \/>\\nCellulare: <a class=\\\"uk-link-text\\\" href=\\\"tel:+393337395426\\\">(+39) 333 739 54 26<\\\/a><br \/>\\nE-mail: <a class=\\\"uk-link-text\\\" href=\\\"mailto:info@marinacalamai.it\\\">info@marinacalamai.it<\\\/a>\",\"margin\":\"default\",\"position\":\"relative\",\"position_z_index\":\"1\",\"text_align\":\"left\",\"text_align_breakpoint\":\"s\",\"text_align_fallback\":\"center\"}}]}]}]}],\"version\":\"3.0.21\"} --><\/p>\n","protected":false},"excerpt":{"rendered":"<p>Venite a trovarci in negozio nel Centro Storico di Firenze 43.7689,11.247 Marina Calamai Via S.Spirito, 22R 50125 Firenze NEGOZIO MARINA CALAMI Via S.Spirito, 22R \u2013 50125, Firenze (FI), Italia ORARI Lunedi: 15.00-19.00Marted\u00ec-Mercoled\u00ec: 10.00-14.00 | 15.00-19.00Gioved\u00ec: 15.00-19.00Venerd\u00ec: 15.00-19.00Sabato-Domenica: 15.00-19.00 Se desiderate visitare il nostro negozio fuori orario, contattateci via email o telefono\/ WhatsApp per fissare un [&hellip;]<\/p>\n","protected":false},"author":1,"featured_media":0,"parent":0,"menu_order":0,"comment_status":"closed","ping_status":"closed","template":"","meta":{"nf_dc_page":"","om_disable_all_campaigns":false,"footnotes":""},"class_list":["post-3379","page","type-page","status-publish","hentry"],"_links":{"self":[{"href":"https:\/\/www.marinacalamai.com\/it\/wp-json\/wp\/v2\/pages\/3379","targetHints":{"allow":["GET"]}}],"collection":[{"href":"https:\/\/www.marinacalamai.com\/it\/wp-json\/wp\/v2\/pages"}],"about":[{"href":"https:\/\/www.marinacalamai.com\/it\/wp-json\/wp\/v2\/types\/page"}],"author":[{"embeddable":true,"href":"https:\/\/www.marinacalamai.com\/it\/wp-json\/wp\/v2\/users\/1"}],"replies":[{"embeddable":true,"href":"https:\/\/www.marinacalamai.com\/it\/wp-json\/wp\/v2\/comments?post=3379"}],"version-history":[{"count":5,"href":"https:\/\/www.marinacalamai.com\/it\/wp-json\/wp\/v2\/pages\/3379\/revisions"}],"predecessor-version":[{"id":3482,"href":"https:\/\/www.marinacalamai.com\/it\/wp-json\/wp\/v2\/pages\/3379\/revisions\/3482"}],"wp:attachment":[{"href":"https:\/\/www.marinacalamai.com\/it\/wp-json\/wp\/v2\/media?parent=3379"}],"curies":[{"name":"wp","href":"https:\/\/api.w.org\/{rel}","templated":true}]}}