{"id":4033,"date":"2021-09-26T15:17:56","date_gmt":"2021-09-26T13:17:56","guid":{"rendered":"https:\/\/www.marinacalamai.com\/eco-oca\/"},"modified":"2026-04-28T12:33:04","modified_gmt":"2026-04-28T10:33:04","slug":"eco-oca","status":"publish","type":"page","link":"https:\/\/www.marinacalamai.com\/it\/eco-oca\/","title":{"rendered":"Eco-Oca"},"content":{"rendered":"<h1>L\u2019Eco-Oca: Il Gioco dell\u2019Oca<\/h1>\n<h1>UN\u2019ESPERIENZA MULTISENSORIALE NEL CUORE DELLA TOSCANA<\/h1>\n<div>\n<p data-start=\"106\" data-end=\"399\">A seguito dell\u2019inaugurazione dell\u2019installazione all\u2019aperto <em data-start=\"165\" data-end=\"211\">\u201cL\u2019Oc Down Unlocked \u2013 Labirinto dell\u2019Amore in Alloro\u201d<\/em> il 9 luglio 2021 a Poppiano, siamo lieti di annunciare che gruppi di amici e famiglie possono ora partecipare all\u2019esperienza interattiva a grandezza naturale <em data-start=\"370\" data-end=\"398\">\u201cGioco dell\u2019Oca \u2013 ECO-OCA\u201d<\/em>.<\/p>\n<p data-start=\"401\" data-end=\"615\">Con un diametro di 35 metri, questa reinterpretazione multisensoriale del gioco reale fiorentino del XV secolo \u00e8 composta da 500 piante di alloro disposte a forma di cuore e celebra Madre Natura e la sostenibilit\u00e0.<\/p>\n<p data-start=\"617\" data-end=\"1046\">Pensato per tutte le et\u00e0, il percorso si sviluppa in 63 caselle all\u2019interno del Labirinto dell\u2019Amore in Alloro, dove i partecipanti avanzano utilizzando dadi a grandezza naturale. Lungo il cammino, avranno l\u2019opportunit\u00e0 di scoprire azioni concrete per ridurre il riscaldamento globale e contribuire a un pianeta pi\u00f9 verde. Ogni casella avr\u00e0 un impatto positivo o negativo sul clima e proporr\u00e0 soluzioni per affrontare le sfide ambientali.<\/p>\n<p data-start=\"1048\" data-end=\"1163\" data-is-last-node=\"\" data-is-only-node=\"\">L\u2019obiettivo finale del gioco \u00e8 sensibilizzare alla sostenibilit\u00e0, a uno stile di vita sano e a un futuro pi\u00f9 verde.<\/p>\n<\/div>\n<h1>Book your Spot<\/h1>\n<div>\n<div class=\"wpforms-container wpforms-container-full\" id=\"wpforms-1500\"><form id=\"wpforms-form-1500\" class=\"wpforms-validate wpforms-form wpforms-ajax-form\" data-formid=\"1500\" method=\"post\" enctype=\"multipart\/form-data\" action=\"\/it\/wp-json\/wp\/v2\/pages\/4033\" data-token=\"0d881904c3108f2088c51d2164e625d8\"><noscript class=\"wpforms-error-noscript\">Abilita JavaScript nel browser per completare questo modulo.<\/noscript><div class=\"wpforms-field-container\"><div id=\"wpforms-1500-field_1-container\" class=\"wpforms-field wpforms-field-name\" data-field-id=\"1\"><label class=\"wpforms-field-label\" for=\"wpforms-1500-field_1\">Name <span class=\"wpforms-required-label\">*<\/span><\/label><input type=\"text\" id=\"wpforms-1500-field_1\" class=\"wpforms-field-medium wpforms-field-required\" name=\"wpforms[fields][1]\" required><\/div><div id=\"wpforms-1500-field_2-container\" class=\"wpforms-field wpforms-field-email\" data-field-id=\"2\"><label class=\"wpforms-field-label\" for=\"wpforms-1500-field_2\">Email <span class=\"wpforms-required-label\">*<\/span><\/label><input type=\"email\" id=\"wpforms-1500-field_2\" class=\"wpforms-field-medium wpforms-field-required\" name=\"wpforms[fields][2]\" required><\/div><div id=\"wpforms-1500-field_7-container\" class=\"wpforms-field wpforms-field-number\" data-field-id=\"7\"><label class=\"wpforms-field-label\" for=\"wpforms-1500-field_7\">Phone Number<\/label><input type=\"number\" pattern=\"\\d*\" id=\"wpforms-1500-field_7\" class=\"wpforms-field-medium\" name=\"wpforms[fields][7]\" ><\/div><div id=\"wpforms-1500-field_9-container\" class=\"wpforms-field wpforms-field-text\" data-field-id=\"9\"><label class=\"wpforms-field-label\" for=\"wpforms-1500-field_9\">Preferred Date<\/label><input type=\"text\" id=\"wpforms-1500-field_9\" class=\"wpforms-field-medium\" name=\"wpforms[fields][9]\" ><\/div><div id=\"wpforms-1500-field_3-container\" class=\"wpforms-field wpforms-field-number\" data-field-id=\"3\"><label class=\"wpforms-field-label\" for=\"wpforms-1500-field_3\">Number of Players<\/label><input type=\"number\" pattern=\"\\d*\" id=\"wpforms-1500-field_3\" class=\"wpforms-field-medium\" name=\"wpforms[fields][3]\" ><\/div><div id=\"wpforms-1500-field_12-container\" class=\"wpforms-field wpforms-field-textarea\" data-field-id=\"12\"><label class=\"wpforms-field-label\" for=\"wpforms-1500-field_12\">Additional Notes<\/label><textarea id=\"wpforms-1500-field_12\" class=\"wpforms-field-medium\" name=\"wpforms[fields][12]\" ><\/textarea><\/div><\/div><div class=\"wpforms-submit-container\"><input type=\"hidden\" name=\"wpforms[id]\" value=\"1500\"><input type=\"hidden\" name=\"wpforms[author]\" value=\"2\"><button type=\"submit\" name=\"wpforms[submit]\" id=\"wpforms-submit-1500\" class=\"wpforms-submit\" data-alt-text=\"Sending...\" data-submit-text=\"Book\" aria-live=\"assertive\" value=\"wpforms-submit\">Book<\/button><img loading=\"lazy\" decoding=\"async\" src=\"https:\/\/www.marinacalamai.com\/wp-content\/plugins\/wpforms\/assets\/images\/submit-spin.svg\" class=\"wpforms-submit-spinner\" style=\"display: none;\" width=\"26\" height=\"26\" alt=\"\"><\/div><\/form><\/div>  <!-- .wpforms-container -->\n<\/div>\n<p><!--more--><br \/>\n<!-- {\"name\":\"Artwork-Installation\",\"type\":\"layout\",\"children\":[{\"type\":\"section\",\"props\":{\"css\":\".el-section > [class*='uk-background-'] { min-height: 50vh; }\",\"image\":\"wp-content\\\/uploads\\\/2021\\\/09\\\/Leco-oca1.jpg\",\"image_position\":\"center-center\",\"image_size\":\"cover\",\"image_width\":\"1840\",\"padding\":\"xlarge\",\"style\":\"default\",\"title_breakpoint\":\"xl\",\"title_position\":\"top-left\",\"title_rotation\":\"left\",\"vertical_align\":\"middle\",\"width\":\"default\"},\"children\":[{\"type\":\"row\",\"children\":[{\"type\":\"column\",\"props\":{\"image_position\":\"center-center\",\"media_overlay_gradient\":\"\",\"position_sticky_breakpoint\":\"m\",\"width_medium\":\"1-1\"},\"children\":[]}]}],\"name\":\"Image\"},{\"type\":\"section\",\"props\":{\"image_position\":\"center-center\",\"style\":\"default\",\"title_breakpoint\":\"xl\",\"title_position\":\"top-left\",\"title_rotation\":\"left\",\"vertical_align\":\"middle\",\"width\":\"xlarge\"},\"children\":[{\"type\":\"row\",\"props\":{\"width\":\"small\"},\"children\":[{\"type\":\"column\",\"props\":{\"image_position\":\"center-center\",\"media_overlay_gradient\":\"\",\"position_sticky_breakpoint\":\"m\"},\"children\":[{\"type\":\"headline\",\"props\":{\"content\":\"L\\u2019Eco-Oca: Il Gioco dell\\u2019Oca\",\"text_align\":\"center\",\"title_color\":\"muted\",\"title_element\":\"h1\"}},{\"type\":\"headline\",\"props\":{\"content\":\"UN\\u2019ESPERIENZA MULTISENSORIALE NEL CUORE DELLA TOSCANA\",\"margin_remove_top\":true,\"text_align\":\"center\",\"title_color\":\"primary\",\"title_element\":\"h1\",\"title_font_family\":\"secondary\",\"title_style\":\"h4\"}},{\"type\":\"text\",\"props\":{\"column_breakpoint\":\"m\",\"content\":\"\n\n<p data-start=\\\"106\\\" data-end=\\\"399\\\">A seguito dell\\u2019inaugurazione dell\\u2019installazione all\\u2019aperto <em data-start=\\\"165\\\" data-end=\\\"211\\\">\\u201cL\\u2019Oc Down Unlocked \\u2013 Labirinto dell\\u2019Amore in Alloro\\u201d<\\\/em> il 9 luglio 2021 a Poppiano, siamo lieti di annunciare che gruppi di amici e famiglie possono ora partecipare all\\u2019esperienza interattiva a grandezza naturale <em data-start=\\\"370\\\" data-end=\\\"398\\\">\\u201cGioco dell\\u2019Oca \\u2013 ECO-OCA\\u201d<\\\/em>.<\\\/p>\\n\n\n<p data-start=\\\"401\\\" data-end=\\\"615\\\">Con un diametro di 35 metri, questa reinterpretazione multisensoriale del gioco reale fiorentino del XV secolo \\u00e8 composta da 500 piante di alloro disposte a forma di cuore e celebra Madre Natura e la sostenibilit\\u00e0.<\\\/p>\\n\n\n<p data-start=\\\"617\\\" data-end=\\\"1046\\\">Pensato per tutte le et\\u00e0, il percorso si sviluppa in 63 caselle all\\u2019interno del Labirinto dell\\u2019Amore in Alloro, dove i partecipanti avanzano utilizzando dadi a grandezza naturale. Lungo il cammino, avranno l\\u2019opportunit\\u00e0 di scoprire azioni concrete per ridurre il riscaldamento globale e contribuire a un pianeta pi\\u00f9 verde. Ogni casella avr\\u00e0 un impatto positivo o negativo sul clima e proporr\\u00e0 soluzioni per affrontare le sfide ambientali.<\\\/p>\\n\n\n<p data-start=\\\"1048\\\" data-end=\\\"1163\\\" data-is-last-node=\\\"\\\" data-is-only-node=\\\"\\\">L\\u2019obiettivo finale del gioco \\u00e8 sensibilizzare alla sostenibilit\\u00e0, a uno stile di vita sano e a un futuro pi\\u00f9 verde.<\\\/p>\",\"margin\":\"default\",\"text_align\":\"center\"}}]}]},{\"type\":\"row\",\"props\":{\"layout\":\"1-2,1-2\",\"width\":\"small\"},\"children\":[{\"type\":\"column\",\"props\":{\"image\":\"wp-content\\\/uploads\\\/2021\\\/09\\\/Leco-oca-2.jpg\",\"image_position\":\"center-center\",\"image_size\":\"cover\",\"media_overlay_gradient\":\"\",\"media_visibility\":\"m\",\"position_sticky_breakpoint\":\"m\",\"width_medium\":\"1-2\"},\"children\":[]},{\"type\":\"column\",\"props\":{\"image\":\"\",\"image_position\":\"center-center\",\"image_size\":\"cover\",\"media_overlay_gradient\":\"\",\"padding\":\"xsmall\",\"position_sticky_breakpoint\":\"m\",\"style\":\"muted\",\"vertical_align\":\"middle\",\"width_medium\":\"1-2\"},\"children\":[{\"type\":\"headline\",\"props\":{\"content\":\"Book your Spot\",\"text_align\":\"left\",\"text_align_breakpoint\":\"s\",\"text_align_fallback\":\"center\",\"title_color\":\"primary\",\"title_element\":\"h1\",\"title_font_family\":\"default\",\"title_style\":\"h3\"}},{\"type\":\"text\",\"props\":{\"column_breakpoint\":\"m\",\"content\":\"\n\n<p>[wpforms id=\\\"1500\\\" title=\\\"false\\\"]<\\\/p>\",\"margin\":\"default\"}}]}]}]}],\"version\":\"3.0.21\"} --><\/p>\n","protected":false},"excerpt":{"rendered":"<p>L\u2019Eco-Oca: Il Gioco dell\u2019Oca UN\u2019ESPERIENZA MULTISENSORIALE NEL CUORE DELLA TOSCANA A seguito dell\u2019inaugurazione dell\u2019installazione all\u2019aperto \u201cL\u2019Oc Down Unlocked \u2013 Labirinto dell\u2019Amore in Alloro\u201d il 9 luglio 2021 a Poppiano, siamo lieti di annunciare che gruppi di amici e famiglie possono ora partecipare all\u2019esperienza interattiva a grandezza naturale \u201cGioco dell\u2019Oca \u2013 ECO-OCA\u201d. Con un diametro di [&hellip;]<\/p>\n","protected":false},"author":2,"featured_media":0,"parent":0,"menu_order":0,"comment_status":"closed","ping_status":"closed","template":"","meta":{"nf_dc_page":"","om_disable_all_campaigns":false,"footnotes":""},"class_list":["post-4033","page","type-page","status-publish","hentry"],"_links":{"self":[{"href":"https:\/\/www.marinacalamai.com\/it\/wp-json\/wp\/v2\/pages\/4033","targetHints":{"allow":["GET"]}}],"collection":[{"href":"https:\/\/www.marinacalamai.com\/it\/wp-json\/wp\/v2\/pages"}],"about":[{"href":"https:\/\/www.marinacalamai.com\/it\/wp-json\/wp\/v2\/types\/page"}],"author":[{"embeddable":true,"href":"https:\/\/www.marinacalamai.com\/it\/wp-json\/wp\/v2\/users\/2"}],"replies":[{"embeddable":true,"href":"https:\/\/www.marinacalamai.com\/it\/wp-json\/wp\/v2\/comments?post=4033"}],"version-history":[{"count":1,"href":"https:\/\/www.marinacalamai.com\/it\/wp-json\/wp\/v2\/pages\/4033\/revisions"}],"predecessor-version":[{"id":4034,"href":"https:\/\/www.marinacalamai.com\/it\/wp-json\/wp\/v2\/pages\/4033\/revisions\/4034"}],"wp:attachment":[{"href":"https:\/\/www.marinacalamai.com\/it\/wp-json\/wp\/v2\/media?parent=4033"}],"curies":[{"name":"wp","href":"https:\/\/api.w.org\/{rel}","templated":true}]}}