{"id":3083,"date":"2021-02-02T17:39:31","date_gmt":"2021-02-02T16:39:31","guid":{"rendered":"https:\/\/www.marinacalamai.com\/shop\/senza-categoria\/acorn-necklace\/"},"modified":"2023-01-29T11:05:00","modified_gmt":"2023-01-29T10:05:00","slug":"acorn-necklace","status":"publish","type":"product","link":"https:\/\/www.marinacalamai.com\/it\/shop\/gioielli\/ritorno-alla-natura-gioielli\/acorn-necklace\/","title":{"rendered":"Pendolo Ghianda"},"content":{"rendered":"<p>Materiale: bronzo<br \/>\nLunghezza catena: 90 cm \/ 35,4 pollici (regolabile)<br \/>\nAltezza: 4 cm \/ 1,6 pollici<br \/>\nLarghezza: 1,5 cm \/ 0,6 pollici <\/p>\n","protected":false},"excerpt":{"rendered":"<p>La ghianda, frutto della quercia, ha una forte simbologia mitologica e spirituale: nei miti celtici \u00e8 simbolo di immortalit\u00e0 e fecondit\u00e0, i druidi le mangiavano per ricavarne doti profetiche. In altre tradizioni \u00e8 un frutto sacro o un amuleto. Simbolo di vita e di nascita, collegata al suo albero, simboleggia la presenza della divinit\u00e0 in terra e per questo racchiude in s\u00e9 anche un significato legato all&#8217;eternit\u00e0. L\u2019ispirazione per questa collana\/pendolo nasce dai disegni della tomba di Papa Giulio II ad opera di Michelangelo. La famiglia Della Rovere aveva infatti come simbolo la ghianda, la quale \u00e8 rappresentata magnificamente nei disegni di Michelangelo.  <\/p>\n","protected":false},"featured_media":2451,"comment_status":"open","ping_status":"closed","template":"","meta":{"nf_dc_page":"","om_disable_all_campaigns":false},"product_brand":[],"product_cat":[111],"product_tag":[99],"class_list":{"0":"post-3083","1":"product","2":"type-product","3":"status-publish","4":"has-post-thumbnail","6":"product_cat-ritorno-alla-natura-gioielli","7":"product_tag-collane","9":"first","10":"instock","11":"taxable","12":"shipping-taxable","13":"purchasable","14":"product-type-simple"},"_links":{"self":[{"href":"https:\/\/www.marinacalamai.com\/it\/wp-json\/wp\/v2\/product\/3083","targetHints":{"allow":["GET"]}}],"collection":[{"href":"https:\/\/www.marinacalamai.com\/it\/wp-json\/wp\/v2\/product"}],"about":[{"href":"https:\/\/www.marinacalamai.com\/it\/wp-json\/wp\/v2\/types\/product"}],"replies":[{"embeddable":true,"href":"https:\/\/www.marinacalamai.com\/it\/wp-json\/wp\/v2\/comments?post=3083"}],"wp:featuredmedia":[{"embeddable":true,"href":"https:\/\/www.marinacalamai.com\/it\/wp-json\/wp\/v2\/media\/2451"}],"wp:attachment":[{"href":"https:\/\/www.marinacalamai.com\/it\/wp-json\/wp\/v2\/media?parent=3083"}],"wp:term":[{"taxonomy":"product_brand","embeddable":true,"href":"https:\/\/www.marinacalamai.com\/it\/wp-json\/wp\/v2\/product_brand?post=3083"},{"taxonomy":"product_cat","embeddable":true,"href":"https:\/\/www.marinacalamai.com\/it\/wp-json\/wp\/v2\/product_cat?post=3083"},{"taxonomy":"product_tag","embeddable":true,"href":"https:\/\/www.marinacalamai.com\/it\/wp-json\/wp\/v2\/product_tag?post=3083"}],"curies":[{"name":"wp","href":"https:\/\/api.w.org\/{rel}","templated":true}]}}