{"id":3170,"date":"2021-03-11T00:05:52","date_gmt":"2021-03-10T23:05:52","guid":{"rendered":"https:\/\/www.marinacalamai.com\/shop\/senza-categoria\/t-amo-earrings\/"},"modified":"2023-01-29T12:17:12","modified_gmt":"2023-01-29T11:17:12","slug":"t-amo-earrings","status":"publish","type":"product","link":"https:\/\/www.marinacalamai.com\/it\/shop\/gioielli\/velista\/t-amo-earrings\/","title":{"rendered":"Orecchini Ti AMO"},"content":{"rendered":"<p>Materiale: bronzo<br \/>\nAltezza: 3,5 cm \/ 1,4 pollici<br \/>\nLarghezza: 2 cm \/ 0,8 pollici <\/p>\n","protected":false},"excerpt":{"rendered":"<p>Questi orecchini nascono durante una veleggiata nell\u2019Oceano Atlantico tra Antigua e Barbuda con la canna per la pesca a traina; il primo malcapitato \u00e8 stato un grosso barracuda il quale, dopo alcuni volteggi in aria si \u00e8 slamato ed \u00e8 caduto sulla coperta della barca. L\u2019AMO invece pi\u00f9 leggero ha continuato a volteggiare finch\u00e9 non si \u00e8 infilato nel polpaccio dell\u2019artista! Dopo poco il capitano della barca con l\u2019amo in mano scherzando ha detto: \u201cTi AMO!\u201d. In italiano, infatti, la parola amo da pesca e la prima persona del verbo amare si equivalgono. Da quel momento l\u2019artista non ha resistito all\u2019idea di creare con l\u2019amo, dei rebus, per questa linea che unisce la marineria con l\u2019amore e l\u2019ironia!<\/p>\n","protected":false},"featured_media":2617,"comment_status":"open","ping_status":"closed","template":"","meta":{"nf_dc_page":"","om_disable_all_campaigns":false},"product_brand":[],"product_cat":[114],"product_tag":[92],"class_list":{"0":"post-3170","1":"product","2":"type-product","3":"status-publish","4":"has-post-thumbnail","6":"product_cat-velista","7":"product_tag-orecchini","9":"first","10":"instock","11":"taxable","12":"shipping-taxable","13":"purchasable","14":"product-type-simple"},"_links":{"self":[{"href":"https:\/\/www.marinacalamai.com\/it\/wp-json\/wp\/v2\/product\/3170","targetHints":{"allow":["GET"]}}],"collection":[{"href":"https:\/\/www.marinacalamai.com\/it\/wp-json\/wp\/v2\/product"}],"about":[{"href":"https:\/\/www.marinacalamai.com\/it\/wp-json\/wp\/v2\/types\/product"}],"replies":[{"embeddable":true,"href":"https:\/\/www.marinacalamai.com\/it\/wp-json\/wp\/v2\/comments?post=3170"}],"wp:featuredmedia":[{"embeddable":true,"href":"https:\/\/www.marinacalamai.com\/it\/wp-json\/wp\/v2\/media\/2617"}],"wp:attachment":[{"href":"https:\/\/www.marinacalamai.com\/it\/wp-json\/wp\/v2\/media?parent=3170"}],"wp:term":[{"taxonomy":"product_brand","embeddable":true,"href":"https:\/\/www.marinacalamai.com\/it\/wp-json\/wp\/v2\/product_brand?post=3170"},{"taxonomy":"product_cat","embeddable":true,"href":"https:\/\/www.marinacalamai.com\/it\/wp-json\/wp\/v2\/product_cat?post=3170"},{"taxonomy":"product_tag","embeddable":true,"href":"https:\/\/www.marinacalamai.com\/it\/wp-json\/wp\/v2\/product_tag?post=3170"}],"curies":[{"name":"wp","href":"https:\/\/api.w.org\/{rel}","templated":true}]}}