{"id":3295,"date":"2021-02-22T10:05:25","date_gmt":"2021-02-22T09:05:25","guid":{"rendered":"https:\/\/www.marinacalamai.com\/shop\/senza-categoria\/dilemma-earrings\/"},"modified":"2023-01-29T14:34:16","modified_gmt":"2023-01-29T13:34:16","slug":"dilemma-earrings","status":"publish","type":"product","link":"https:\/\/www.marinacalamai.com\/it\/shop\/gioielli\/toscana\/dilemma-earrings\/","title":{"rendered":"Orecchini Dilemma"},"content":{"rendered":"<p>Materiale: Bronzo con perni in argento<br \/>\nSI Altezza: 3 cm \/ 1,2 pollici x Larghezza: 2,5 cm \/ 1 pollice<br \/>\nNo Altezza: 3 cm \/ 1,2 pollici x Larghezza: 4 cm \/ 1,6 pollici <\/p>\n","protected":false},"excerpt":{"rendered":"<p>Questi orecchini SI e NO mini, nascono nel 2016 durante il periodo precedente al referendum costituzionale (per la riforma Renzi-Boschi), come conseguenza del continuo ripetere della domanda: cosa voterai?  S\u00cc o NO? Gli orecchini Si e No, di per s\u00e9 argomento di conversazione, si propongono anche come risposta in modalit\u00e0 silenziosa alle tante domande della vita di tutti i giorni.  <\/p>\n","protected":false},"featured_media":2812,"comment_status":"open","ping_status":"closed","template":"","meta":{"nf_dc_page":"","om_disable_all_campaigns":false},"product_brand":[],"product_cat":[116],"product_tag":[92],"class_list":{"0":"post-3295","1":"product","2":"type-product","3":"status-publish","4":"has-post-thumbnail","6":"product_cat-toscana","7":"product_tag-orecchini","9":"first","10":"instock","11":"taxable","12":"shipping-taxable","13":"purchasable","14":"product-type-simple"},"_links":{"self":[{"href":"https:\/\/www.marinacalamai.com\/it\/wp-json\/wp\/v2\/product\/3295","targetHints":{"allow":["GET"]}}],"collection":[{"href":"https:\/\/www.marinacalamai.com\/it\/wp-json\/wp\/v2\/product"}],"about":[{"href":"https:\/\/www.marinacalamai.com\/it\/wp-json\/wp\/v2\/types\/product"}],"replies":[{"embeddable":true,"href":"https:\/\/www.marinacalamai.com\/it\/wp-json\/wp\/v2\/comments?post=3295"}],"wp:featuredmedia":[{"embeddable":true,"href":"https:\/\/www.marinacalamai.com\/it\/wp-json\/wp\/v2\/media\/2812"}],"wp:attachment":[{"href":"https:\/\/www.marinacalamai.com\/it\/wp-json\/wp\/v2\/media?parent=3295"}],"wp:term":[{"taxonomy":"product_brand","embeddable":true,"href":"https:\/\/www.marinacalamai.com\/it\/wp-json\/wp\/v2\/product_brand?post=3295"},{"taxonomy":"product_cat","embeddable":true,"href":"https:\/\/www.marinacalamai.com\/it\/wp-json\/wp\/v2\/product_cat?post=3295"},{"taxonomy":"product_tag","embeddable":true,"href":"https:\/\/www.marinacalamai.com\/it\/wp-json\/wp\/v2\/product_tag?post=3295"}],"curies":[{"name":"wp","href":"https:\/\/api.w.org\/{rel}","templated":true}]}}